{"id":101,"date":"2012-11-16T04:41:18","date_gmt":"2012-11-16T03:41:18","guid":{"rendered":"http:\/\/animation-debat-conference.fr\/?page_id=101"},"modified":"2014-06-09T22:44:00","modified_gmt":"2014-06-09T20:44:00","slug":"mes-references-redaction-animation","status":"publish","type":"page","link":"https:\/\/animation-debat-conference.fr\/?page_id=101","title":{"rendered":"Prestations \/ R\u00e9daction \/ Outils presse"},"content":{"rendered":"<p>Expression Sciences compte de nombreuses r\u00e9f\u00e9rences et est intervenue r\u00e9guli\u00e8rement dans la r\u00e9daction d&rsquo;outils presse (dossiers et communiqu\u00e9s) pour le compte :<\/p>\n<p>&#8211;\u00a0\u00a0\u00a0\u00a0\u00a0\u00a0\u00a0 <strong>de soci\u00e9t\u00e9s ou start-ups <\/strong><\/p>\n<ul>\n<li>\u00a0biotechnologiques \u00a0: Vetbiobank, Conidia, Kallistem, ImmunID, Jypa\u00ef<\/li>\n<\/ul>\n<ul>\n<li>\u00e9cotechnologiques\u00a0: Hydrorestore<\/li>\n<li>pharmaceutiques et cosm\u00e9tiques\u00a0: Coletica<\/li>\n<li>de technologies m\u00e9dicales : EDAP, Anastom Surgical<\/li>\n<li>de technologies informatiques et de mod\u00e9lisation\u00a0: The CoSMo Compagny\u00a0 <a href=\"http:\/\/animation-debat-conference.fr\/wp-content\/uploads\/2012\/11\/Dossier-Presse-CoSMo-BAT.doc\">Dossier Presse CoSMo pour Plus2Sens<\/a>,\u00a0 Shazino<\/li>\n<\/ul>\n<p>&nbsp;<\/p>\n<p>Ce en direct ou en collaboration avec les incubateurs (Cr\u00e9alys <a href=\"http:\/\/animation-debat-conference.fr\/wp-content\/uploads\/2012\/11\/DP-Cr\u00e9alys-24-MAI-6-projets1.pdf\">DP pour Cr\u00e9alys 24 MAI &#8211; 6 projets<\/a>, Grain), les p\u00f4les de comp\u00e9titivit\u00e9 (Lyonbiopole, Eurobiomed, Cosmetic Valley, Minalogic) et les structures type Canc\u00e9rop\u00f4le Lyon Rh\u00f4ne-Alpes Auvergne (CLARA).<\/p>\n<p>&nbsp;<\/p>\n<p>Liens hypertexte\u00a0:<\/p>\n<ol>\n<li>DP Cr\u00e9alys \/ 6 start-ups<\/li>\n<li>DP EDAP en collaboration avec l\u2019Agence Sylvie Perret<\/li>\n<li>DP + CP Conidia en collaboration avec l\u2019Agence Sylvie Perret<\/li>\n<li>DP Eurobiomed en collaboration avec l\u2019agence Yucatan<\/li>\n<li>Plaquette CLARA en collaboration avec l\u2019Agence GAIA Communication<\/li>\n<li>DP The Cosmo Company en collaboration avec l\u2019Agence Plus2Sens<\/li>\n<\/ol>\n<p>&nbsp;<\/p>\n<p>&#8211;\u00a0\u00a0\u00a0\u00a0\u00a0\u00a0\u00a0 <strong>de Collectivit\u00e9s locales<\/strong><\/p>\n<p>&nbsp;<\/p>\n<ul>\n<li>SERL et Grand Lyon\u00a0: projet Bioparc Lyon<\/li>\n<\/ul>\n<p>lien Newsletter et DP Bioparc en collaboration avec l\u2019Agence Sylvie Perret<\/p>\n<p>&nbsp;<\/p>\n<ul>\n<li>Grand Lyon\u00a0: initiative \u00ab\u00a0Biotuesday\u00a0\u00bb du r\u00e9seau LyonBioAdvisor<\/li>\n<\/ul>\n<p>lien bilan \u00e0 1 an<\/p>\n<p>&nbsp;<\/p>\n<ul>\n<li>Commune de Saint Didier aux Monts d\u2019Or<\/li>\n<\/ul>\n<p>lien Caf\u00e9 scientifique Cellules souches<\/p>\n<p>&nbsp;<\/p>\n<p>&nbsp;<\/p>\n<p>&#8211;\u00a0\u00a0\u00a0\u00a0\u00a0\u00a0\u00a0 <strong>de groupes hospitaliers\u00a0: <\/strong><\/p>\n<p><strong>\u00a0<\/strong><\/p>\n<ul>\n<li>Centre Hospitalier Mutualiste de Grenoble (DP Cliniques)<\/li>\n<\/ul>\n<p>&nbsp;<\/p>\n<p>&nbsp;<\/p>\n<p>&nbsp;<\/p>\n<p>&#8211;\u00a0\u00a0\u00a0\u00a0\u00a0\u00a0\u00a0 <strong>de Fondations scientifiques et m\u00e9dicales<\/strong><\/p>\n<p>&nbsp;<\/p>\n<ul>\n<li>Fondation Neurodis \/ Projet CESAME<\/li>\n<\/ul>\n<p>R\u00e9daction\u00a0 <a href=\"http:\/\/animation-debat-conference.fr\/wp-content\/uploads\/2012\/11\/DP-CESAME-Version-Valid\u00e9e-07-01-2011.doc\">DP CESAME <\/a>en collaboration avec l\u2019Agence GAIA Communication<\/p>\n<p>&nbsp;<\/p>\n<ul>\n<li>Fondation Rh\u00f4ne-Alpes Futur<\/li>\n<\/ul>\n<p>lien r\u00e9daction Newsletter en collaboration avec l\u2019Agence Plus2Sens<\/p>\n<p>http:\/\/www.rhone-alpes-futur.org\/fileadmin\/templates\/fondation\/Images_FRAF\/Actualite\/Newsletter\/La_Lettre_de_la_Fondation_n_9_-_Fevrier_08.pdf<\/p>\n<p>&nbsp;<\/p>\n<ul>\n<li>Ecole Centrale de Lyon<\/li>\n<\/ul>\n<p>lien CP jeux olympiques en collaboration avec l\u2019agence RP Gaia Communication<\/p>\n<p>&nbsp;<\/p>\n<p>&nbsp;<\/p>\n<p>&#8211;\u00a0\u00a0\u00a0\u00a0\u00a0\u00a0\u00a0 des Universit\u00e9s<\/p>\n<p>&nbsp;<\/p>\n","protected":false},"excerpt":{"rendered":"<p>Expression Sciences compte de nombreuses r\u00e9f\u00e9rences et est intervenue r\u00e9guli\u00e8rement dans la r\u00e9daction d&rsquo;outils presse (dossiers et communiqu\u00e9s) pour le compte : &#8211;\u00a0\u00a0\u00a0\u00a0\u00a0\u00a0\u00a0 de soci\u00e9t\u00e9s ou start-ups \u00a0biotechnologiques \u00a0: Vetbiobank, Conidia, Kallistem, ImmunID, Jypa\u00ef \u00e9cotechnologiques\u00a0: Hydrorestore pharmaceutiques et cosm\u00e9tiques\u00a0: Coletica de technologies m\u00e9dicales : EDAP, Anastom Surgical de technologies informatiques et de mod\u00e9lisation\u00a0: The CoSMo [&hellip;]<\/p>\n","protected":false},"author":1,"featured_media":382,"parent":0,"menu_order":0,"comment_status":"open","ping_status":"open","template":"","meta":[],"_links":{"self":[{"href":"https:\/\/animation-debat-conference.fr\/index.php?rest_route=\/wp\/v2\/pages\/101"}],"collection":[{"href":"https:\/\/animation-debat-conference.fr\/index.php?rest_route=\/wp\/v2\/pages"}],"about":[{"href":"https:\/\/animation-debat-conference.fr\/index.php?rest_route=\/wp\/v2\/types\/page"}],"author":[{"embeddable":true,"href":"https:\/\/animation-debat-conference.fr\/index.php?rest_route=\/wp\/v2\/users\/1"}],"replies":[{"embeddable":true,"href":"https:\/\/animation-debat-conference.fr\/index.php?rest_route=%2Fwp%2Fv2%2Fcomments&post=101"}],"version-history":[{"count":16,"href":"https:\/\/animation-debat-conference.fr\/index.php?rest_route=\/wp\/v2\/pages\/101\/revisions"}],"predecessor-version":[{"id":755,"href":"https:\/\/animation-debat-conference.fr\/index.php?rest_route=\/wp\/v2\/pages\/101\/revisions\/755"}],"wp:featuredmedia":[{"embeddable":true,"href":"https:\/\/animation-debat-conference.fr\/index.php?rest_route=\/wp\/v2\/media\/382"}],"wp:attachment":[{"href":"https:\/\/animation-debat-conference.fr\/index.php?rest_route=%2Fwp%2Fv2%2Fmedia&parent=101"}],"curies":[{"name":"wp","href":"https:\/\/api.w.org\/{rel}","templated":true}]}}