{"id":1068,"date":"2015-08-05T13:34:57","date_gmt":"2015-08-05T11:34:57","guid":{"rendered":"http:\/\/animation-debat-conference.fr\/?page_id=1068"},"modified":"2015-08-05T13:39:23","modified_gmt":"2015-08-05T11:39:23","slug":"rapports-dactivite","status":"publish","type":"page","link":"https:\/\/animation-debat-conference.fr\/?page_id=1068","title":{"rendered":"Rapports d&rsquo;activit\u00e9"},"content":{"rendered":"<p><strong>R\u00e9f\u00e9rences:<\/strong><\/p>\n<p>&nbsp;<\/p>\n<p><strong>Contribution au <a href=\"http:\/\/www.invs.sante.fr\/publications\/rapport_annuel\/2013\/sources\/index.htm\">Rapport d&rsquo;activit\u00e9 2013 de l&rsquo;InVS, Institut National de Veille Sanitaire<\/a><\/strong><\/p>\n<p>&gt; R\u00e9daction en partie des\u00a0rubriques \u00ab\u00a0Faits marquants\u00a0\u00bb (PP10-31) et \u00a0\u00ab\u00a0Au coeur des r\u00e9gions avec les Cire\u00a0\u00bb (PP51-66)<\/p>\n<p>&nbsp;<\/p>\n<p><strong>Contribution au <a href=\"http:\/\/www.invs.sante.fr\/publications\/rapport_annuel\/sources\/index.htm\">Rapport d&rsquo;activit\u00e9 2012 de l&rsquo;InVS, Institut National de Veille Sanitaire<\/a><\/strong><\/p>\n<p>&gt; R\u00e9daction en partie des\u00a0rubriques \u00ab\u00a0Au coeur de la surveillance de la population\u00a0\u00bb (PP27-49) et \u00a0\u00ab\u00a0Au coeur des r\u00e9gions avec les Cire\u00a0\u00bb (PP50-70)<\/p>\n<p>&nbsp;<\/p>\n<p><em>Collaboration r\u00e9dactionnelle pour <a href=\"http:\/\/animation-debat-conference.fr\/?page_id=733\">l&rsquo;Agence Technoscope<\/a><\/em><\/p>\n","protected":false},"excerpt":{"rendered":"<p>R\u00e9f\u00e9rences: &nbsp; Contribution au Rapport d&rsquo;activit\u00e9 2013 de l&rsquo;InVS, Institut National de Veille Sanitaire &gt; R\u00e9daction en partie des\u00a0rubriques \u00ab\u00a0Faits marquants\u00a0\u00bb (PP10-31) et \u00a0\u00ab\u00a0Au coeur des r\u00e9gions avec les Cire\u00a0\u00bb (PP51-66) &nbsp; Contribution au Rapport d&rsquo;activit\u00e9 2012 de l&rsquo;InVS, Institut National de Veille Sanitaire &gt; R\u00e9daction en partie des\u00a0rubriques \u00ab\u00a0Au coeur de la surveillance de [&hellip;]<\/p>\n","protected":false},"author":1,"featured_media":0,"parent":622,"menu_order":0,"comment_status":"open","ping_status":"open","template":"","meta":[],"_links":{"self":[{"href":"https:\/\/animation-debat-conference.fr\/index.php?rest_route=\/wp\/v2\/pages\/1068"}],"collection":[{"href":"https:\/\/animation-debat-conference.fr\/index.php?rest_route=\/wp\/v2\/pages"}],"about":[{"href":"https:\/\/animation-debat-conference.fr\/index.php?rest_route=\/wp\/v2\/types\/page"}],"author":[{"embeddable":true,"href":"https:\/\/animation-debat-conference.fr\/index.php?rest_route=\/wp\/v2\/users\/1"}],"replies":[{"embeddable":true,"href":"https:\/\/animation-debat-conference.fr\/index.php?rest_route=%2Fwp%2Fv2%2Fcomments&post=1068"}],"version-history":[{"count":2,"href":"https:\/\/animation-debat-conference.fr\/index.php?rest_route=\/wp\/v2\/pages\/1068\/revisions"}],"predecessor-version":[{"id":1071,"href":"https:\/\/animation-debat-conference.fr\/index.php?rest_route=\/wp\/v2\/pages\/1068\/revisions\/1071"}],"up":[{"embeddable":true,"href":"https:\/\/animation-debat-conference.fr\/index.php?rest_route=\/wp\/v2\/pages\/622"}],"wp:attachment":[{"href":"https:\/\/animation-debat-conference.fr\/index.php?rest_route=%2Fwp%2Fv2%2Fmedia&parent=1068"}],"curies":[{"name":"wp","href":"https:\/\/api.w.org\/{rel}","templated":true}]}}