{"id":1106,"date":"2016-08-04T14:47:53","date_gmt":"2016-08-04T12:47:53","guid":{"rendered":"http:\/\/animation-debat-conference.fr\/?page_id=1106"},"modified":"2016-09-02T12:58:59","modified_gmt":"2016-09-02T10:58:59","slug":"web-content","status":"publish","type":"page","link":"https:\/\/animation-debat-conference.fr\/?page_id=1106","title":{"rendered":"Web content"},"content":{"rendered":"<p>Production de contenus r\u00e9dactionnels pour alimenter des sites institutionnels ou d&rsquo;entreprises dans les domaines m\u00e9dical\/ param\u00e9dical ou environnemental<\/p>\n<p><strong>Quelques exemples :<\/strong><\/p>\n<blockquote><p>Plate-forme d&rsquo;informations sur l&rsquo;insuffisance veineuse et le lymphoed\u00e8me <em><strong>Des Ailes pour votre Sant\u00e9 \/ Wings for your Health<\/strong> <\/em>d\u00e9velopp\u00e9e par le groupe <strong>Thuasne<\/strong><\/p><\/blockquote>\n<ul>\n<li><strong>Dossiers<\/strong><\/li>\n<\/ul>\n<p><a href=\"http:\/\/www.des-ailes-pour-votre-sante.com\/dossier\/face-a-suspicion-de-pathologie-veineuse-consulter\/\">FACE \u00c0 UNE SUSPICION DE PATHOLOGIE VEINEUSE, QUAND CONSULTER ?<\/a><\/p>\n<p><a href=\"http:\/\/www.des-ailes-pour-votre-sante.com\/dossier\/parcours-de-soin-lorsquon-atteint-dun-lymphoedeme\/\">QUEL PARCOURS DE SOIN LORSQU\u2019ON EST ATTEINT D\u2019UN LYMPH\u0152D\u00c8ME ?<\/a><\/p>\n<p><a href=\"http:\/\/www.des-ailes-pour-votre-sante.com\/dossier\/contraception-privilegier-linsuffisance-veineuse\/\">QUELLE CONTRACEPTION PRIVILEGIER DANS L&rsquo;INSUFFISANCE VEINEUSE?\u00a0<\/a><\/p>\n<p>&nbsp;<\/p>\n<div id=\"wrapper\"><\/div>\n<ul>\n<li><strong>Articles d&rsquo;actualit\u00e9<\/strong><\/li>\n<\/ul>\n<p class=\"cat6\"><a href=\"http:\/\/www.des-ailes-pour-votre-sante.com\/quid-de-lheredite-linsuffisance-veineuse\/\">QUID DE L\u2019H\u00c9R\u00c9DIT\u00c9 DANS L\u2019INSUFFISANCE VEINEUSE ?<\/a><\/p>\n<p class=\"cat8\"><a href=\"http:\/\/www.des-ailes-pour-votre-sante.com\/yoga-relaxation-sports-douceur-prendre-soin-de-lymphoedeme\/\">YOGA, RELAXATION : DES \u00ab\u00a0SPORTS\u00a0\u00bb TOUT EN DOUCEUR POUR PRENDRE SOIN DE SON LYMPH\u0152D\u00c8ME<\/a><\/p>\n<p class=\"cat8\"><a href=\"http:\/\/www.des-ailes-pour-votre-sante.com\/activites-sportives-privilegier-lorsque-lon-souffre-dun-lymphoedeme\/\">QUELLES ACTIVIT\u00c9S SPORTIVES PRIVIL\u00c9GIER LORSQUE L\u2019ON SOUFFRE D\u2019UN LYMPH\u0152D\u00c8ME\u00a0?<\/a><\/p>\n<p class=\"cat8\"><a href=\"http:\/\/www.des-ailes-pour-votre-sante.com\/reconcilier-ete-insuffisance-veineuse-oui-cest-possible\/\">R\u00c9CONCILIER \u00c9T\u00c9 ET INSUFFISANCE VEINEUSE ? OUI C\u2019EST POSSIBLE !<\/a><\/p>\n<p class=\"cat8\"><a href=\"http:\/\/www.des-ailes-pour-votre-sante.com\/sport-vertueux-contexte-dinsuffisance-veineuse\/\">LE SPORT EST-IL VERTUEUX DANS UN CONTEXTE D\u2019INSUFFISANCE VEINEUSE\u00a0?<\/a><\/p>\n<p class=\"cat6\"><a href=\"http:\/\/www.des-ailes-pour-votre-sante.com\/grossesse-facteur-qui-accentue-linsuffisance-veineuse\/\">LA GROSSESSE : UN FACTEUR QUI ACCENTUE L\u2019INSUFFISANCE VEINEUSE<\/a><\/p>\n<p class=\"cat8\"><a href=\"http:\/\/www.des-ailes-pour-votre-sante.com\/quelques-mesures-hygieno-dietetiques-a-adopter-mieux-vivre-lymphoedeme\/\">QUELQUES MESURES HYGI\u00c9NO-DI\u00c9T\u00c9TIQUES \u00c0 ADOPTER POUR MIEUX VIVRE AVEC SON LYMPH\u0152D\u00c8ME<\/a><\/p>\n","protected":false},"excerpt":{"rendered":"<p>Production de contenus r\u00e9dactionnels pour alimenter des sites institutionnels ou d&rsquo;entreprises dans les domaines m\u00e9dical\/ param\u00e9dical ou environnemental Quelques exemples : Plate-forme d&rsquo;informations sur l&rsquo;insuffisance veineuse et le lymphoed\u00e8me Des Ailes pour votre Sant\u00e9 \/ Wings for your Health d\u00e9velopp\u00e9e par le groupe Thuasne Dossiers FACE \u00c0 UNE SUSPICION DE PATHOLOGIE VEINEUSE, QUAND CONSULTER ? [&hellip;]<\/p>\n","protected":false},"author":1,"featured_media":0,"parent":622,"menu_order":0,"comment_status":"open","ping_status":"open","template":"","meta":[],"_links":{"self":[{"href":"https:\/\/animation-debat-conference.fr\/index.php?rest_route=\/wp\/v2\/pages\/1106"}],"collection":[{"href":"https:\/\/animation-debat-conference.fr\/index.php?rest_route=\/wp\/v2\/pages"}],"about":[{"href":"https:\/\/animation-debat-conference.fr\/index.php?rest_route=\/wp\/v2\/types\/page"}],"author":[{"embeddable":true,"href":"https:\/\/animation-debat-conference.fr\/index.php?rest_route=\/wp\/v2\/users\/1"}],"replies":[{"embeddable":true,"href":"https:\/\/animation-debat-conference.fr\/index.php?rest_route=%2Fwp%2Fv2%2Fcomments&post=1106"}],"version-history":[{"count":7,"href":"https:\/\/animation-debat-conference.fr\/index.php?rest_route=\/wp\/v2\/pages\/1106\/revisions"}],"predecessor-version":[{"id":1115,"href":"https:\/\/animation-debat-conference.fr\/index.php?rest_route=\/wp\/v2\/pages\/1106\/revisions\/1115"}],"up":[{"embeddable":true,"href":"https:\/\/animation-debat-conference.fr\/index.php?rest_route=\/wp\/v2\/pages\/622"}],"wp:attachment":[{"href":"https:\/\/animation-debat-conference.fr\/index.php?rest_route=%2Fwp%2Fv2%2Fmedia&parent=1106"}],"curies":[{"name":"wp","href":"https:\/\/api.w.org\/{rel}","templated":true}]}}