{"id":2,"date":"2012-09-07T22:08:28","date_gmt":"2012-09-07T22:08:28","guid":{"rendered":"http:\/\/animation-debat-conference.fr\/\/?page_id=2"},"modified":"2014-02-13T05:29:06","modified_gmt":"2014-02-13T04:29:06","slug":"about","status":"publish","type":"page","link":"https:\/\/animation-debat-conference.fr\/?page_id=2","title":{"rendered":"Pr\u00e9sentation"},"content":{"rendered":"<p><a href=\"http:\/\/www.animation-debat-conference.fr\/wp-content\/uploads\/2014\/01\/nathaly-mermet-p2.jpg\"><img decoding=\"async\" loading=\"lazy\" class=\" wp-image-414 alignright\" alt=\"nathaly-mermet-p2\" src=\"http:\/\/www.animation-debat-conference.fr\/wp-content\/uploads\/2014\/01\/nathaly-mermet-p2.jpg\" width=\"180\" height=\"292\" srcset=\"https:\/\/animation-debat-conference.fr\/wp-content\/uploads\/2014\/01\/nathaly-mermet-p2.jpg 300w, https:\/\/animation-debat-conference.fr\/wp-content\/uploads\/2014\/01\/nathaly-mermet-p2-184x300.jpg 184w\" sizes=\"(max-width: 180px) 100vw, 180px\" \/><\/a>Scientifique de formation (Docteur en Neurosciences) et journaliste \/ animatrice scientifique &amp; m\u00e9dicale de profession, <strong><\/strong><strong>Nathaly Mermet <\/strong>exerce une double activit\u00e9<\/p>\n<ul>\n<li>de r\u00e9dactrice scientifique (presse sp\u00e9cialis\u00e9e et g\u00e9n\u00e9raliste, reportages et publireportages, enqu\u00eates, dossiers techniques, webcontent, etc.)<\/li>\n<\/ul>\n<ul>\n<li>de consultante, (co-)organisatrice et animatrice d&rsquo;\u00e9v\u00e8nements (colloques, tables-rondes, s\u00e9minaires, etc.)<\/li>\n<\/ul>\n<p>&nbsp;<\/p>\n<p>Nathaly est au service des laboratoires de recherche, entreprises, et p\u00f4les de comp\u00e9titivit\u00e9, des collectivit\u00e9s et administrations, des grandes \u00e9coles et universit\u00e9s, des fondations et associations (etc.) \u00e0 travers une structure souple, r\u00e9active et adaptable : <strong>Expression Sciences. <\/strong>Cette derni\u00e8re est \u00e0 m\u00eame de r\u00e9pondre \u00e0 des besoins, ponctuels ou r\u00e9guliers, au b\u00e9n\u00e9fice de la communication interne ou externe.<\/p>\n<p>A l&rsquo;\u00e9coute de ses clients, Nathaly est en mesure de mobiliser son r\u00e9seau de partenaires et collaborateurs afin de proposer une offre globale et modulable : prestations d&rsquo;animation, de conseil r\u00e9alisation d&rsquo;interview vid\u00e9o, cr\u00e9ation de sites internet et de contenus audio-visuels. Ses prestations sont adaptables \u00e0 des projets de nature et d\u2019envergure vari\u00e9es.<\/p>\n<blockquote>\n<p style=\"text-align: center;\">\n<p style=\"text-align: center;\"><strong>Expression Sciences offre un service \u00ab\u00a0\u00e0 la carte\u00a0\u00bb <\/strong><\/p>\n<p style=\"text-align: center;\">pour r\u00e9pondre \u00e0 des besoins bien identifi\u00e9s.<\/p>\n<\/blockquote>\n<p>&nbsp;<\/p>\n","protected":false},"excerpt":{"rendered":"<p>Scientifique de formation (Docteur en Neurosciences) et journaliste \/ animatrice scientifique &amp; m\u00e9dicale de profession, Nathaly Mermet exerce une double activit\u00e9 de r\u00e9dactrice scientifique (presse sp\u00e9cialis\u00e9e et g\u00e9n\u00e9raliste, reportages et publireportages, enqu\u00eates, dossiers techniques, webcontent, etc.) de consultante, (co-)organisatrice et animatrice d&rsquo;\u00e9v\u00e8nements (colloques, tables-rondes, s\u00e9minaires, etc.) &nbsp; Nathaly est au service des laboratoires de recherche, [&hellip;]<\/p>\n","protected":false},"author":1,"featured_media":0,"parent":0,"menu_order":0,"comment_status":"closed","ping_status":"open","template":"","meta":[],"_links":{"self":[{"href":"https:\/\/animation-debat-conference.fr\/index.php?rest_route=\/wp\/v2\/pages\/2"}],"collection":[{"href":"https:\/\/animation-debat-conference.fr\/index.php?rest_route=\/wp\/v2\/pages"}],"about":[{"href":"https:\/\/animation-debat-conference.fr\/index.php?rest_route=\/wp\/v2\/types\/page"}],"author":[{"embeddable":true,"href":"https:\/\/animation-debat-conference.fr\/index.php?rest_route=\/wp\/v2\/users\/1"}],"replies":[{"embeddable":true,"href":"https:\/\/animation-debat-conference.fr\/index.php?rest_route=%2Fwp%2Fv2%2Fcomments&post=2"}],"version-history":[{"count":18,"href":"https:\/\/animation-debat-conference.fr\/index.php?rest_route=\/wp\/v2\/pages\/2\/revisions"}],"predecessor-version":[{"id":450,"href":"https:\/\/animation-debat-conference.fr\/index.php?rest_route=\/wp\/v2\/pages\/2\/revisions\/450"}],"wp:attachment":[{"href":"https:\/\/animation-debat-conference.fr\/index.php?rest_route=%2Fwp%2Fv2%2Fmedia&parent=2"}],"curies":[{"name":"wp","href":"https:\/\/api.w.org\/{rel}","templated":true}]}}