{"id":219,"date":"2013-03-05T00:14:31","date_gmt":"2013-03-04T23:14:31","guid":{"rendered":"http:\/\/animation-debat-conference.fr\/?page_id=219"},"modified":"2014-11-09T14:57:27","modified_gmt":"2014-11-09T13:57:27","slug":"livres-guides","status":"publish","type":"page","link":"https:\/\/animation-debat-conference.fr\/?page_id=219","title":{"rendered":"Prestations \/ R\u00e9daction \/ Livres &#038; Guides"},"content":{"rendered":"<p><a href=\"http:\/\/www.animation-debat-conference.fr\/wp-content\/uploads\/2013\/03\/Livre-LEquation-40-ans-dInnovation-\u00e0-lUniversit\u00e9-Lyon-1.jpg\"><img decoding=\"async\" loading=\"lazy\" class=\"alignleft size-medium wp-image-927\" src=\"http:\/\/www.animation-debat-conference.fr\/wp-content\/uploads\/2013\/03\/Livre-LEquation-40-ans-dInnovation-\u00e0-lUniversit\u00e9-Lyon-1-218x300.jpg\" alt=\"Livre L'Equation, 40 ans d'Innovation \u00e0 l'Universit\u00e9 Lyon 1\" width=\"218\" height=\"300\" srcset=\"https:\/\/animation-debat-conference.fr\/wp-content\/uploads\/2013\/03\/Livre-LEquation-40-ans-dInnovation-\u00e0-lUniversit\u00e9-Lyon-1-218x300.jpg 218w, https:\/\/animation-debat-conference.fr\/wp-content\/uploads\/2013\/03\/Livre-LEquation-40-ans-dInnovation-\u00e0-lUniversit\u00e9-Lyon-1.jpg 256w\" sizes=\"(max-width: 218px) 100vw, 218px\" \/><\/a><\/p>\n<h1>\u00a0<strong><a title=\"L'Equation - Collection Patrimoine Beaux livres - Ed Gl\u00e9nat\" href=\"http:\/\/patrimoine.glenatlivres.com\/livre\/equation-9782723482714.htm\">Livre<\/a><\/strong><\/h1>\n<h2><strong><a title=\"L'Equation - Collection Patrimoine Beaux livres - Ed Gl\u00e9nat\" href=\"http:\/\/patrimoine.glenatlivres.com\/livre\/equation-9782723482714.htm\">L\u2019Equation\u00a0:<\/a>\u00a0<\/strong><strong><a title=\"L'Equation - Collection Patrimoine Beaux livres - Ed Gl\u00e9nat\" href=\"http:\/\/patrimoine.glenatlivres.com\/livre\/equation-9782723482714.htm\">40 ans d\u2019innovation \u00e0 l\u2019Universit\u00e9 Claude Bernard Lyon1<\/a><\/strong><\/h2>\n<p><strong>paru aux Editions Gl\u00e9nat (2011), Collection Patrimoine \/ Beaux livres<\/strong><\/p>\n<ul>\n<li><a href=\"http:\/\/animation-debat-conference.fr\/wp-content\/uploads\/2012\/11\/CP-LEquation-N.Mermet.doc\">CP Gl\u00e9nat &#8211; L&rsquo;Equation &#8211; N.Mermet<\/a><\/li>\n<li><a href=\"http:\/\/animation-debat-conference.fr\/wp-content\/uploads\/2012\/11\/Lequation-Dans-Lyon-Actualit\u00e9s.html\">L&rsquo;equation dans Lyon Actualit\u00e9s<\/a>\u00a0&amp;\u00a0\u00a0<a href=\"http:\/\/www.lyon.lyftv.com\/2011\/10\/lequation-un-beau-livre-sur-les.html#.VF9v4vmG9UU\">Lyon Actualit\u00e9s &#8211; LYFtv<\/a><\/li>\n<\/ul>\n<p><a href=\"http:\/\/book.stanford.edu\/view\/9433282\">Stanford University Libraries\u00a0<\/a>&#8211;\u00a0<a href=\"http:\/\/www.amazon.com\/l%C3%A9quation-dinnovation-luniversit%C3%A9-Claude-Bernard\/dp\/2723482715\">Amazon<\/a>\u00a0&#8211; <a href=\"http:\/\/www.fr.fnac.be\/a3522876\/Nathalie-Mermet-L-equation-40-ans-d-innovation-a-l-universite-Claude-Bernard-Lyon-1\">Fnac<\/a> &#8211; <a href=\"http:\/\/www.worldcat.org\/title\/equation-40-ans-dinnovation-a-luniversite-claude-bernard-lyon-1\/oclc\/761846458\">WorldCat<\/a> &#8211; <a href=\"http:\/\/www.arts-spectacles.com\/L-Equation-40-ans-d-innovation-a-l-universite-Claude-Bernard-Lyon-1-par-Nathaly-Mermet-et-Eric-Le-Roux_a6380.html\">Arts &amp; Spectacles<\/a> &#8211; <a href=\"http:\/\/www.lyonperspectives.com\/40-ans-d-innovation-a-l-universite-Claude-Bernard-Lyon-1_a5946.html\">Lyonperspectives<\/a> &#8211; <a href=\"http:\/\/www.e-leclerc.com\/espace+culturel\/produit\/equation-40-ans-d-innovation-%C3%A0-l-universit%C3%A9-claude-bernard-lyon-1,223701\/\">Espace culturel Leclerc <\/a>&#8211; <a href=\"http:\/\/librairie-en-ligne.gibertjeune.fr\/GIBERTJ\/fr\/BOOK\/mermet-nathaly\/l-equation-40-ans-d-innovation-a-l-universite-claude-bernard-lyon-1,40889553.aspx\">Librairie en ligne Gilbert Jeune<\/a> &#8211; <a href=\"http:\/\/www.abebooks.com\/l%C3%A9quation-dinnovation-luniversit%C3%A9-Claude-Bernard-Lyon\/5884979234\/bd\">AbeBooks Passion for Books<\/a> &#8211; <a href=\"http:\/\/books.google.fr\/books\/about\/L_%C3%A9quation.html?id=yiyZtgAACAAJ&amp;redir_esc=y\">Google Books<\/a> &#8211;<\/p>\n<h3><strong>R\u00e9sum\u00e9 :<\/strong><\/h3>\n<p><strong>L\u2019Universit\u00e9 Claude Bernard Lyon 1 f\u00eate ses 40 ans, 40 ans de d\u00e9couvertes, d\u2019innovations, de progr\u00e8s, de r\u00e9sultats.<\/strong><\/p>\n<p style=\"text-align: justify;\">Le carburant de la fus\u00e9e Ariane, la cr\u00e9ation de la police scientifique, la premi\u00e8re greffe de la main, la d\u00e9tection de la pollution atmosph\u00e9rique\u2026 Les femmes et les hommes de l\u2019universit\u00e9 Claude Bernard\u00a0 Lyon 1 sont le d\u00e9nominateur commun de ces d\u00e9couvertes ! Vous avez des questions concernant la chimie organique, un virus, sur les fractales, la catalyse ou encore le g\u00e9nie g\u00e9n\u00e9tique ? Nous vous sugg\u00e9rons de commencer par plonger dans ces pages pour explorer les myst\u00e8res du cerveau humain, d\u00e9couvrir l\u2019infiniment petit en entrant dans le nanomonde, tenter de comprendre les avanc\u00e9es de la m\u00e9decine en canc\u00e9rologie et observer\u00a0 l\u2019univers au t\u00e9lescope&#8230;Nous vous invitons \u00e9galement \u00e0 d\u00e9couvrir le quotidien des acteurs de l\u2019universit\u00e9 : enseignants, chercheurs, personnels et \u00e9tudiants.\u00a0<strong>Un ouvrage \u00e9dit\u00e9 en partenariat avec l\u2019universit\u00e9 Claude Bernard<\/strong><strong>Lyon 1 <\/strong><strong>et l\u2019agence Esprit Public. Auteurs : Nathaly Mermet (journaliste \/ r\u00e9dactrice) &amp; Eric Le Roux (photographe).<\/strong><\/p>\n<p>&nbsp;<\/p>\n<p>&nbsp;<\/p>\n<p>&nbsp;<\/p>\n<h2><strong>Guides de la Sant\u00e9 de Tribune de Lyon<\/strong><\/h2>\n<ul>\n<li><a href=\"http:\/\/www.animation-debat-conference.fr\/wp-content\/uploads\/2013\/03\/Guide-de-la-Sant\u00e9-2012-Tribune-de-Lyon.pdf\">Guide de la Sant\u00e9 2012 &#8211; Tribune de Lyon<\/a><\/li>\n<li><a href=\"http:\/\/www.animation-debat-conference.fr\/wp-content\/uploads\/2013\/03\/Guide-de-la-Sant\u00e9-2013-Tribune-de-Lyon.pdf\">Guide de la Sant\u00e9 2013 &#8211; Tribune de Lyon<\/a><\/li>\n<li><a href=\"http:\/\/www.animation-debat-conference.fr\/wp-content\/uploads\/2014\/10\/Couv-Guide-sante2014.jpg\"><img decoding=\"async\" loading=\"lazy\" class=\"alignleft size-medium wp-image-890\" src=\"http:\/\/www.animation-debat-conference.fr\/wp-content\/uploads\/2014\/10\/Couv-Guide-sante2014-211x300.jpg\" alt=\"GUIDE SANTE 2014.indd\" width=\"211\" height=\"300\" srcset=\"https:\/\/animation-debat-conference.fr\/wp-content\/uploads\/2014\/10\/Couv-Guide-sante2014-211x300.jpg 211w, https:\/\/animation-debat-conference.fr\/wp-content\/uploads\/2014\/10\/Couv-Guide-sante2014.jpg 432w\" sizes=\"(max-width: 211px) 100vw, 211px\" \/><\/a> <a href=\"http:\/\/www.animation-debat-conference.fr\/wp-content\/uploads\/2013\/03\/Guide-de-la-Sant\u00e9-2014-Tribune-de-Lyon.pdf\">Guide de la Sant\u00e9 2014 &#8211; Tribune de Lyon<\/a><\/li>\n<\/ul>\n","protected":false},"excerpt":{"rendered":"<p>La communication est indispensable. En compl\u00e9ment de votre communication habituelle, Expression Sciences peut mobiliser son r\u00e9seau de journalistes, scientifiques et passionn\u00e9s de sciences.<\/p>\n","protected":false},"author":1,"featured_media":0,"parent":0,"menu_order":0,"comment_status":"closed","ping_status":"open","template":"","meta":[],"_links":{"self":[{"href":"https:\/\/animation-debat-conference.fr\/index.php?rest_route=\/wp\/v2\/pages\/219"}],"collection":[{"href":"https:\/\/animation-debat-conference.fr\/index.php?rest_route=\/wp\/v2\/pages"}],"about":[{"href":"https:\/\/animation-debat-conference.fr\/index.php?rest_route=\/wp\/v2\/types\/page"}],"author":[{"embeddable":true,"href":"https:\/\/animation-debat-conference.fr\/index.php?rest_route=\/wp\/v2\/users\/1"}],"replies":[{"embeddable":true,"href":"https:\/\/animation-debat-conference.fr\/index.php?rest_route=%2Fwp%2Fv2%2Fcomments&post=219"}],"version-history":[{"count":18,"href":"https:\/\/animation-debat-conference.fr\/index.php?rest_route=\/wp\/v2\/pages\/219\/revisions"}],"predecessor-version":[{"id":938,"href":"https:\/\/animation-debat-conference.fr\/index.php?rest_route=\/wp\/v2\/pages\/219\/revisions\/938"}],"wp:attachment":[{"href":"https:\/\/animation-debat-conference.fr\/index.php?rest_route=%2Fwp%2Fv2%2Fmedia&parent=219"}],"curies":[{"name":"wp","href":"https:\/\/api.w.org\/{rel}","templated":true}]}}