{"id":549,"date":"2014-04-20T19:54:18","date_gmt":"2014-04-20T17:54:18","guid":{"rendered":"http:\/\/www.animation-debat-conference.fr\/?page_id=549"},"modified":"2014-11-30T18:55:38","modified_gmt":"2014-11-30T17:55:38","slug":"village-sante-2014","status":"publish","type":"page","link":"https:\/\/animation-debat-conference.fr\/?page_id=549","title":{"rendered":"Prisme International &#8211; Village Sant\u00e9 2014"},"content":{"rendered":"<p style=\"text-align: left;\"><strong>Votre activit\u00e9 concerne le domaine de la sant\u00e9, du bien-\u00eatre, du sport, de l&rsquo;environnement, de l&rsquo;alimentation ?<\/strong><\/p>\n<p><a title=\"Vllage Sant\u00e9 2014\" href=\"http:\/\/animation-debat-conference.fr\/villagesante\/Proposition-partenariat-Village-Sante.html\" target=\"_blank\">Devenez partenaire du Village Sant\u00e9 2014<\/a><\/p>\n<p>Le <strong>Village Sant\u00e9<\/strong> qui se tiendra <strong>du 3 au 5 octobre 2014<\/strong> Place Bellecour \u00e0 l\u2019occasion du <strong>Run in Lyon<\/strong> (marathon, semi-marathon et course des 10km) est organis\u00e9 par <strong>PRISME Consulting<\/strong>, partenaire \u00e9v\u00e8nementiel de Expression Sciences. Nathaly y animera l&rsquo;Espace Conf\u00e9rences.<\/p>\n<p>Deux formules (non exclusives l\u2019une de l\u2019autre !) sont envisageables :<\/p>\n<p>\u2022 Un <strong>stand au sein du Village Sant\u00e9<\/strong> : voir les diff\u00e9rents tarifs P10 du dossier joint<\/p>\n<p>\u2022 Un <strong>partenariat pour l\u2019Espace Conf\u00e9rence<\/strong> \u2026qui porterait alors le nom de votre soci\u00e9t\u00e9 ou votre organisation \u00ab Espace Conf\u00e9rence XXX\u00bb et serait habill\u00e9 \u00e0 vos couleurs : voir PP11-12<\/p>\n<p>Au sein de cet Espace conf\u00e9rence s\u2019encha\u00eene une programmation de mini-conf\u00e9rences (nutrition sportive, pr\u00e9paration physique, pr\u00e9vention, performances etc.) avec des formats courts : 20&prime; pr\u00e9sentation + 10&prime; questions.<\/p>\n<p>&nbsp;<\/p>\n<p>Une <strong>TRIBUNE DE LA SANTE<\/strong> en partenariat avec Tribune de Lyon viendra cl\u00f4turer les \u00e9changes au sein de l&rsquo;Espace Conf\u00e9rences sur le th\u00e8me<br \/>\n<em><strong>Sport et Sant\u00e9<\/strong><\/em><\/p>\n<p>Le <strong>Guide de la Sant\u00e9 2014<\/strong> \u00e9dit\u00e9 par Tribune de Lyon (r\u00e9dactrice principale : Nathaly Mermet) sortira d\u00e9but octobre et sera distribu\u00e9 au sein du Village Sant\u00e9 \u00e0 l\u2019occasion de Run in Lyon 2014.<\/p>\n<p style=\"text-align: center;\">***<\/p>\n<p>Pour m\u00e9mo le Village Sant\u00e9 a accueilli plus de <strong>26000 visiteurs<\/strong> sur la <strong>Place Bellecour<\/strong> lors de l&rsquo;\u00e9dition <strong>2013<\/strong> (dont 18500 coureurs venus de toutes parts pour le retrait de leurs dossards) donc il s&rsquo;agit d&rsquo;une belle vitrine \u00e0 l&rsquo;occasion d&rsquo;un \u00e9v\u00e8nement grand public qui draine toutes les cat\u00e9gories socio-professionnelles.<\/p>\n<p>&nbsp;<\/p>\n<p><a title=\"village sant\u00e9 2014 en version pdf\" href=\"http:\/\/animation-debat-conference.fr\/villagesante\/Prop-vil-sant-Nath-Mermet.pdf\" target=\"_blank\">T\u00e9l\u00e9charger la version pdf<\/a><\/p>\n","protected":false},"excerpt":{"rendered":"<p>Votre activit\u00e9 concerne le domaine de la sant\u00e9, du bien-\u00eatre, du sport, de l&rsquo;environnement, de l&rsquo;alimentation ? Devenez partenaire du Village Sant\u00e9 2014 Le Village Sant\u00e9 qui se tiendra du 3 au 5 octobre 2014 Place Bellecour \u00e0 l\u2019occasion du Run in Lyon (marathon, semi-marathon et course des 10km) est organis\u00e9 par PRISME Consulting, partenaire [&hellip;]<\/p>\n","protected":false},"author":2,"featured_media":0,"parent":738,"menu_order":0,"comment_status":"closed","ping_status":"open","template":"","meta":[],"_links":{"self":[{"href":"https:\/\/animation-debat-conference.fr\/index.php?rest_route=\/wp\/v2\/pages\/549"}],"collection":[{"href":"https:\/\/animation-debat-conference.fr\/index.php?rest_route=\/wp\/v2\/pages"}],"about":[{"href":"https:\/\/animation-debat-conference.fr\/index.php?rest_route=\/wp\/v2\/types\/page"}],"author":[{"embeddable":true,"href":"https:\/\/animation-debat-conference.fr\/index.php?rest_route=\/wp\/v2\/users\/2"}],"replies":[{"embeddable":true,"href":"https:\/\/animation-debat-conference.fr\/index.php?rest_route=%2Fwp%2Fv2%2Fcomments&post=549"}],"version-history":[{"count":17,"href":"https:\/\/animation-debat-conference.fr\/index.php?rest_route=\/wp\/v2\/pages\/549\/revisions"}],"predecessor-version":[{"id":731,"href":"https:\/\/animation-debat-conference.fr\/index.php?rest_route=\/wp\/v2\/pages\/549\/revisions\/731"}],"up":[{"embeddable":true,"href":"https:\/\/animation-debat-conference.fr\/index.php?rest_route=\/wp\/v2\/pages\/738"}],"wp:attachment":[{"href":"https:\/\/animation-debat-conference.fr\/index.php?rest_route=%2Fwp%2Fv2%2Fmedia&parent=549"}],"curies":[{"name":"wp","href":"https:\/\/api.w.org\/{rel}","templated":true}]}}