{"id":612,"date":"2014-05-27T16:36:37","date_gmt":"2014-05-27T14:36:37","guid":{"rendered":"http:\/\/www.animation-debat-conference.fr\/?page_id=612"},"modified":"2014-11-30T18:54:35","modified_gmt":"2014-11-30T17:54:35","slug":"partenaires","status":"publish","type":"page","link":"https:\/\/animation-debat-conference.fr\/?page_id=612","title":{"rendered":"Reycom \/ Claude Reyraud"},"content":{"rendered":"<p><span style=\"font-family: arial,helvetica,sans-serif; font-size: 10pt;\"><strong>Claude Reyraud \u2013 Journaliste scientifique \/ r\u00e9alisateur vid\u00e9os \/ webmaster<br \/>\n<\/strong><\/span><\/p>\n<p><span style=\"font-size: 10pt; font-family: arial,helvetica,sans-serif;\"><a href=\"http:\/\/www.animation-debat-conference.fr\/wp-content\/uploads\/2014\/05\/the-scientist_s-c.jpg\"><img decoding=\"async\" loading=\"lazy\" class=\"alignleft  wp-image-628\" src=\"http:\/\/www.animation-debat-conference.fr\/wp-content\/uploads\/2014\/05\/the-scientist_s-c.jpg\" alt=\"the-scientist_s-c\" width=\"171\" height=\"229\" srcset=\"https:\/\/animation-debat-conference.fr\/wp-content\/uploads\/2014\/05\/the-scientist_s-c.jpg 768w, https:\/\/animation-debat-conference.fr\/wp-content\/uploads\/2014\/05\/the-scientist_s-c-225x300.jpg 225w\" sizes=\"(max-width: 171px) 100vw, 171px\" \/><\/a>Ing\u00e9nieur, biophysicien, biochimiste et journaliste scientifique passionn\u00e9, Claude Reyraud a enseign\u00e9 la physique, la chimie et les math\u00e9matiques avant de parcourir le monde des m\u00e9dias : Les Cahiers de Science et Vie, La Recherche comme chef de rubrique, Ouest France comme chroniqueur futurologue, France 3 Lyon-Rh\u00f4ne Alpes comme journaliste reporter d\u2019image et <a href=\"http:\/\/www.pcipresse.com\/spectraanalyse\/\" target=\"_blank\">Spectra Analyse<\/a> comme r\u00e9dacteur en chef depuis 2011. <\/span><br \/>\n<span style=\"font-size: 10pt; font-family: arial,helvetica,sans-serif;\">De multiples collaborations l\u2019ont amen\u00e9 de l\u2019Universit\u00e9 de Londres \u00e0 Paris, o\u00f9 il est audiovisual assistant et intervenant dans les cours de traduction, au centre CEA de Saclay. L\u00e0, il contribue aux activit\u00e9s de communication scientifique de l\u2019organisme et de ses instituts au travers de leurs sites web, pour lesquels il fabrique des vid\u00e9os didactiques et des interviews, et des revues Les D\u00e9fis du CEA et Scintillations, o\u00f9 il endosse tant\u00f4t l\u2019habit de r\u00e9dacteur en chef, tant\u00f4t celui de maquettiste. <\/span><br \/>\n<span style=\"font-size: 10pt; font-family: arial,helvetica,sans-serif;\">Un passage par l\u2019Institut de radioprotection et de s\u00fbret\u00e9 nucl\u00e9aire lui a permis de d\u00e9velopper \u00e0 la fois le travail de communicant scientifique bilingue, celui quotidien d\u2019animateur de site Web et celui plus patient de l\u2019\u00e9laboration d\u2019ouvrages de r\u00e9f\u00e9rence comme la traduction des recommandations 2007 de l\u2019ICRP.<\/span><\/p>\n<p><span style=\"font-size: 10pt; font-family: arial,helvetica,sans-serif;\">Marqu\u00e9 par l\u2019importance de la mise en valeur des personnes porteuses de savoirs tout comme par la n\u00e9cessit\u00e9 de rester dans l\u2019ombre, il s\u2019est tr\u00e8s t\u00f4t tourn\u00e9 vers le cin\u00e9ma et la vid\u00e9o, d\u2019abord en amateur, puis comme r\u00e9alisateur professionnel ind\u00e9pendant, une activit\u00e9 d\u00e9velopp\u00e9e au sein de Reycom qu\u2019il cr\u00e9e en 2007 et de Timedia avec qui il r\u00e9alise des films institutionnels depuis 2002.<\/span><br \/>\n<span style=\"font-size: 10pt; font-family: arial,helvetica,sans-serif;\">Claude Reyraud intervient sur les aspects techniques des prestations vid\u00e9o et l\u2019\u00e9laboration de contenus web d\u2019Expression Sciences.<\/span><\/p>\n<p><span style=\"font-size: 10pt;\">\u00a0<span style=\"font-family: arial,helvetica,sans-serif;\"><strong>Mail : <a href=\"mailto:%20claude.reyraud@expression-biotech.com\" target=\"_blank\">claude.reyraud@expression-biotech.com<\/a><\/strong><\/span><\/span><\/p>\n<p>&nbsp;<\/p>\n","protected":false},"excerpt":{"rendered":"<p>Claude Reyraud \u2013 Journaliste scientifique \/ r\u00e9alisateur vid\u00e9os \/ webmaster Ing\u00e9nieur, biophysicien, biochimiste et journaliste scientifique passionn\u00e9, Claude Reyraud a enseign\u00e9 la physique, la chimie et les math\u00e9matiques avant de parcourir le monde des m\u00e9dias : Les Cahiers de Science et Vie, La Recherche comme chef de rubrique, Ouest France comme chroniqueur futurologue, France 3 [&hellip;]<\/p>\n","protected":false},"author":2,"featured_media":0,"parent":738,"menu_order":0,"comment_status":"closed","ping_status":"open","template":"","meta":[],"_links":{"self":[{"href":"https:\/\/animation-debat-conference.fr\/index.php?rest_route=\/wp\/v2\/pages\/612"}],"collection":[{"href":"https:\/\/animation-debat-conference.fr\/index.php?rest_route=\/wp\/v2\/pages"}],"about":[{"href":"https:\/\/animation-debat-conference.fr\/index.php?rest_route=\/wp\/v2\/types\/page"}],"author":[{"embeddable":true,"href":"https:\/\/animation-debat-conference.fr\/index.php?rest_route=\/wp\/v2\/users\/2"}],"replies":[{"embeddable":true,"href":"https:\/\/animation-debat-conference.fr\/index.php?rest_route=%2Fwp%2Fv2%2Fcomments&post=612"}],"version-history":[{"count":6,"href":"https:\/\/animation-debat-conference.fr\/index.php?rest_route=\/wp\/v2\/pages\/612\/revisions"}],"predecessor-version":[{"id":728,"href":"https:\/\/animation-debat-conference.fr\/index.php?rest_route=\/wp\/v2\/pages\/612\/revisions\/728"}],"up":[{"embeddable":true,"href":"https:\/\/animation-debat-conference.fr\/index.php?rest_route=\/wp\/v2\/pages\/738"}],"wp:attachment":[{"href":"https:\/\/animation-debat-conference.fr\/index.php?rest_route=%2Fwp%2Fv2%2Fmedia&parent=612"}],"curies":[{"name":"wp","href":"https:\/\/api.w.org\/{rel}","templated":true}]}}