{"id":620,"date":"2014-05-27T17:08:57","date_gmt":"2014-05-27T15:08:57","guid":{"rendered":"http:\/\/www.animation-debat-conference.fr\/?page_id=620"},"modified":"2014-06-09T04:33:37","modified_gmt":"2014-06-09T02:33:37","slug":"animation","status":"publish","type":"page","link":"https:\/\/animation-debat-conference.fr\/?page_id=620","title":{"rendered":"Animation \/ Organisation &#038; pr\u00e9paration"},"content":{"rendered":"<p><strong>Un \u00e9v\u00e8nement r\u00e9ussi commence par une grande <span style=\"color: #3366ff;\">anticipation<\/span> et une <span style=\"color: #3366ff;\">pr\u00e9paration<\/span> rigoureuse :<\/strong><\/p>\n<ul>\n<li><strong>Comprendre vos <span style=\"color: #3366ff;\">objectifs<\/span> : <\/strong><strong>notori\u00e9t\u00e9, image, vulgarisation, rayonnement &#8230;autant de strat\u00e9gies diff\u00e9rentes \u00e0 imaginer.<\/strong><\/li>\n<li><strong>Assurer la <span style=\"color: #3366ff;\">veille scientifique<\/span> autour de la th\u00e9matique abord\u00e9e (r\u00f4le d\u2019alerte \/ actualit\u00e9s)\u00a0\u00a0\u00a0\u00a0\u00a0\u00a0\u00a0\u00a0\u00a0\u00a0\u00a0<\/strong><\/li>\n<li><strong>Identifier les <span style=\"color: #3366ff;\">publics cibles<\/span> (professionnels ou non), leurs questionnements, leurs centres d\u2019int\u00e9r\u00eat, leurs attentes par rapport \u00e0 votre \u00e9v\u00e8nement<br \/>\n<\/strong><\/li>\n<li><strong>Cibler les <span style=\"color: #3366ff;\">attentes<\/span> en termes d\u2019information (<span style=\"color: #3366ff;\">niveau de connaissance<\/span>)<\/strong><\/li>\n<li><strong>Effectuer les <span style=\"color: #3366ff;\">recherches bibliographiques<\/span> n\u00e9cessaires<\/strong><\/li>\n<li><strong>Enqu\u00eater aupr\u00e8s des acteurs impliqu\u00e9s et des <span style=\"color: #3366ff;\">personnes ressources<\/span><\/strong><\/li>\n<li><strong>Identifier les institutions et les intervenants \u00e0 solliciter pour intervenir<\/strong><\/li>\n<li><strong><span style=\"color: #3366ff;\">Concevoir<\/span> et <span style=\"color: #3366ff;\">organiser<\/span> \u00ab\u00a0l\u2019\u00e9v\u00e9nement\u00a0\u00bb\u00a0(anticipation, <span style=\"color: #3366ff;\">coordination<\/span> des diff\u00e9rents partenaires, etc.)<\/strong><\/li>\n<li><strong>Pr\u00e9parer la <span style=\"color: #3366ff;\">trame du d\u00e9bat<\/span> en concertation avec les intervenants (\u00e9laboration d\u2019un fil directeur, d\u00e9termination d\u2019un synopsis, cadrage des interventions).<\/strong><\/li>\n<li><strong>Le Jour J : mettre en musique le sc\u00e9nario, de mani\u00e8re sereine d\u00e8s lors que toutes les \u00e9ventuelles mauvaises surprises auront \u00e9t\u00e9 anticip\u00e9es et \u00e9cart\u00e9es. Place \u00e0 l&rsquo;\u00e9v\u00e8nement !<\/strong><\/li>\n<\/ul>\n","protected":false},"excerpt":{"rendered":"<p>Un \u00e9v\u00e8nement r\u00e9ussi commence par une grande anticipation et une pr\u00e9paration rigoureuse : Comprendre vos objectifs : notori\u00e9t\u00e9, image, vulgarisation, rayonnement &#8230;autant de strat\u00e9gies diff\u00e9rentes \u00e0 imaginer. Assurer la veille scientifique autour de la th\u00e9matique abord\u00e9e (r\u00f4le d\u2019alerte \/ actualit\u00e9s)\u00a0\u00a0\u00a0\u00a0\u00a0\u00a0\u00a0\u00a0\u00a0\u00a0\u00a0 Identifier les publics cibles (professionnels ou non), leurs questionnements, leurs centres d\u2019int\u00e9r\u00eat, leurs attentes par [&hellip;]<\/p>\n","protected":false},"author":2,"featured_media":0,"parent":0,"menu_order":0,"comment_status":"closed","ping_status":"open","template":"","meta":[],"_links":{"self":[{"href":"https:\/\/animation-debat-conference.fr\/index.php?rest_route=\/wp\/v2\/pages\/620"}],"collection":[{"href":"https:\/\/animation-debat-conference.fr\/index.php?rest_route=\/wp\/v2\/pages"}],"about":[{"href":"https:\/\/animation-debat-conference.fr\/index.php?rest_route=\/wp\/v2\/types\/page"}],"author":[{"embeddable":true,"href":"https:\/\/animation-debat-conference.fr\/index.php?rest_route=\/wp\/v2\/users\/2"}],"replies":[{"embeddable":true,"href":"https:\/\/animation-debat-conference.fr\/index.php?rest_route=%2Fwp%2Fv2%2Fcomments&post=620"}],"version-history":[{"count":4,"href":"https:\/\/animation-debat-conference.fr\/index.php?rest_route=\/wp\/v2\/pages\/620\/revisions"}],"predecessor-version":[{"id":697,"href":"https:\/\/animation-debat-conference.fr\/index.php?rest_route=\/wp\/v2\/pages\/620\/revisions\/697"}],"wp:attachment":[{"href":"https:\/\/animation-debat-conference.fr\/index.php?rest_route=%2Fwp%2Fv2%2Fmedia&parent=620"}],"curies":[{"name":"wp","href":"https:\/\/api.w.org\/{rel}","templated":true}]}}