{"id":655,"date":"2014-05-31T05:23:49","date_gmt":"2014-05-31T03:23:49","guid":{"rendered":"http:\/\/www.animation-debat-conference.fr\/?page_id=655"},"modified":"2014-06-30T04:08:50","modified_gmt":"2014-06-30T02:08:50","slug":"biotechnologies-medicales","status":"publish","type":"page","link":"https:\/\/animation-debat-conference.fr\/?page_id=655","title":{"rendered":"Biotech. m\u00e9dicales"},"content":{"rendered":"<h1 class=\"entry-header\" style=\"color: #2b2b2b;\"><span style=\"color: #ff0000;\"><a title=\"Biotech. sant\u00e9\" href=\"http:\/\/www.expression-biotech.com\/?page_id=1188\"><span style=\"color: #ff0000;\">BIOTECH. ROUGES<\/span><\/a><\/span><\/h1>\n<div id=\"attachment_794\" style=\"width: 160px\" class=\"wp-caption alignright\"><a href=\"http:\/\/www.animation-debat-conference.fr\/wp-content\/uploads\/2014\/05\/Inaug-Centre-Infectiologie-4-LBP-15-06-09-e1404094031283.jpg\"><img aria-describedby=\"caption-attachment-794\" decoding=\"async\" loading=\"lazy\" class=\"wp-image-794 size-thumbnail\" src=\"http:\/\/www.animation-debat-conference.fr\/wp-content\/uploads\/2014\/05\/Inaug-Centre-Infectiologie-4-LBP-15-06-09-150x150.jpg\" alt=\"Centre d'infectiologie - Copyright Nathaly Mermet\" width=\"150\" height=\"150\" \/><\/a><p id=\"caption-attachment-794\" class=\"wp-caption-text\">Centre d&rsquo;infectiologie &#8211; Lyon. Copyright Nathaly\u00a0Mermet<\/p><\/div>\n<h1 class=\"entry-header\" style=\"color: #2b2b2b;\"><\/h1>\n<p>&nbsp;<\/p>\n<div class=\"entry-content\" style=\"color: #2b2b2b;\">\n<h3 style=\"font-weight: inherit; font-style: inherit;\">Les Biotech dites \u00ab\u00a0rouges\u00a0\u00bb, ou\u00a0<em style=\"font-weight: inherit; font-style: italic;\">Red biotech<\/em>\u00a0englobent la <strong>sant\u00e9 humaine<\/strong>, la <strong>sant\u00e9 animale<\/strong> (biotechnologies v\u00e9t\u00e9rinaires) et l\u2019ensemble des <strong>technologies m\u00e9dicales<\/strong> (<strong>Medtechs<\/strong>.)<\/h3>\n<h3 style=\"font-weight: inherit; font-style: inherit;\">Sont concern\u00e9s :<\/h3>\n<h3 style=\"font-weight: inherit; font-style: inherit;\">&#8211; le diagnostic<br \/>\n&#8211; les mol\u00e9cules pharmaceutiques<br \/>\n&#8211; l\u2019approche th\u00e9ragnostique (combinatoire diagnostique \/ th\u00e9rapeutique)<\/h3>\n<h3 style=\"font-weight: inherit; font-style: inherit;\"><\/h3>\n<p>&nbsp;<\/p>\n<blockquote>\n<h3 style=\"font-weight: inherit; font-style: inherit; text-align: center;\"><strong><span style=\"color: #ff0000;\">Retrouvez toutes les <a href=\"http:\/\/www.expression-biotech.com\/?page_id=1188\"><span style=\"color: #ff0000;\">Biotech. sant\u00e9 sur Expression Biotech<\/span><\/a><\/span><\/strong><\/h3>\n<h3 style=\"font-weight: inherit; font-style: inherit; text-align: center;\"><em>\u00a0Tout le spectre des biotechnologies<\/em><\/h3>\n<h3 style=\"font-weight: inherit; font-style: inherit; text-align: center;\"><em> \u00e0 travers le prisme de Expression Biotech\u00a0\u00bb<\/em><\/h3>\n<\/blockquote>\n<\/div>\n","protected":false},"excerpt":{"rendered":"<p>BIOTECH. ROUGES &nbsp; Les Biotech dites \u00ab\u00a0rouges\u00a0\u00bb, ou\u00a0Red biotech\u00a0englobent la sant\u00e9 humaine, la sant\u00e9 animale (biotechnologies v\u00e9t\u00e9rinaires) et l\u2019ensemble des technologies m\u00e9dicales (Medtechs.) Sont concern\u00e9s : &#8211; le diagnostic &#8211; les mol\u00e9cules pharmaceutiques &#8211; l\u2019approche th\u00e9ragnostique (combinatoire diagnostique \/ th\u00e9rapeutique) &nbsp; Retrouvez toutes les Biotech. sant\u00e9 sur Expression Biotech \u00a0Tout le spectre des biotechnologies \u00e0 [&hellip;]<\/p>\n","protected":false},"author":1,"featured_media":0,"parent":391,"menu_order":0,"comment_status":"closed","ping_status":"open","template":"","meta":[],"_links":{"self":[{"href":"https:\/\/animation-debat-conference.fr\/index.php?rest_route=\/wp\/v2\/pages\/655"}],"collection":[{"href":"https:\/\/animation-debat-conference.fr\/index.php?rest_route=\/wp\/v2\/pages"}],"about":[{"href":"https:\/\/animation-debat-conference.fr\/index.php?rest_route=\/wp\/v2\/types\/page"}],"author":[{"embeddable":true,"href":"https:\/\/animation-debat-conference.fr\/index.php?rest_route=\/wp\/v2\/users\/1"}],"replies":[{"embeddable":true,"href":"https:\/\/animation-debat-conference.fr\/index.php?rest_route=%2Fwp%2Fv2%2Fcomments&post=655"}],"version-history":[{"count":10,"href":"https:\/\/animation-debat-conference.fr\/index.php?rest_route=\/wp\/v2\/pages\/655\/revisions"}],"predecessor-version":[{"id":795,"href":"https:\/\/animation-debat-conference.fr\/index.php?rest_route=\/wp\/v2\/pages\/655\/revisions\/795"}],"up":[{"embeddable":true,"href":"https:\/\/animation-debat-conference.fr\/index.php?rest_route=\/wp\/v2\/pages\/391"}],"wp:attachment":[{"href":"https:\/\/animation-debat-conference.fr\/index.php?rest_route=%2Fwp%2Fv2%2Fmedia&parent=655"}],"curies":[{"name":"wp","href":"https:\/\/api.w.org\/{rel}","templated":true}]}}