{"id":665,"date":"2014-05-31T21:13:11","date_gmt":"2014-05-31T19:13:11","guid":{"rendered":"http:\/\/www.animation-debat-conference.fr\/?page_id=665"},"modified":"2014-06-30T04:23:52","modified_gmt":"2014-06-30T02:23:52","slug":"biotech-noires","status":"publish","type":"page","link":"https:\/\/animation-debat-conference.fr\/?page_id=665","title":{"rendered":"Biotech. \u00ab\u00a0noires\u00a0\u00bb"},"content":{"rendered":"<p>&nbsp;<\/p>\n<h1 class=\"entry-header\" style=\"color: #2b2b2b;\"><span style=\"color: #000000;\"><a title=\"Biotech. noires\" href=\"http:\/\/www.expression-biotech.com\/?page_id=1202\"><span style=\"color: #000000;\">BIOTECH. NOIRES<\/span><\/a><\/span><\/h1>\n<p>&nbsp;<\/p>\n<div id=\"attachment_798\" style=\"width: 160px\" class=\"wp-caption alignright\"><a href=\"http:\/\/www.animation-debat-conference.fr\/wp-content\/uploads\/2014\/05\/V\u00e9hicule-intervention-bio-chimie-nano-e1404094458477.jpg\"><img aria-describedby=\"caption-attachment-798\" decoding=\"async\" loading=\"lazy\" class=\"wp-image-798 size-thumbnail\" src=\"http:\/\/www.animation-debat-conference.fr\/wp-content\/uploads\/2014\/05\/V\u00e9hicule-intervention-bio-chimie-nano-150x150.jpg\" alt=\"CEA Grenoble - V\u00e9hicule d'intervention - Co Nathaly Mermet\" width=\"150\" height=\"150\" \/><\/a><p id=\"caption-attachment-798\" class=\"wp-caption-text\">CEA Grenoble &#8211; V\u00e9hicule d&rsquo;intervention &#8211; Co Nathaly Mermet<\/p><\/div>\n<div class=\"entry-content\" style=\"color: #2b2b2b;\">\n<h3 style=\"font-weight: inherit; font-style: inherit;\">Les Biotechs \u00ab\u00a0noires\u00a0\u00bb, ou\u00a0<em style=\"font-weight: inherit; font-style: italic;\">Black biotech<\/em>, concernent le volet<strong> bioterrorisme<\/strong> et <strong>bios\u00e9curit\u00e9<\/strong> ainsi que tout les\u00a0aspects de<strong> tra\u00e7abilit\u00e9 <\/strong>et de<strong> risques biologiques.<\/strong><\/h3>\n<h3 style=\"font-weight: inherit; font-style: inherit;\">Elles concernent notamment de nombreuses technologies utilis\u00e9es par la police scientifique en mati\u00e8re de bios\u00e9curit\u00e9.<\/h3>\n<p>&nbsp;<\/p>\n<p>&nbsp;<\/p>\n<p>&nbsp;<\/p>\n<p>&nbsp;<\/p>\n<blockquote>\n<h3 style=\"color: #333333 !important; text-align: center;\"><span style=\"color: #000000;\"><strong>Retrouvez t<\/strong><\/span><strong>outes les<\/strong><strong><a style=\"color: #a0ce4e;\" title=\"Biotech. noires\" href=\"http:\/\/www.expression-biotech.com\/?page_id=1202\">\u00a0<span style=\"color: #3366ff;\">Biotech. s\u00e9curit\u00e9\u00a0sur Expression Biotech<\/span><\/a><\/strong><\/h3>\n<h3 style=\"font-weight: inherit; font-style: inherit; color: #747474; text-align: center;\"><span style=\"color: #000000;\"><em>\u2026 Tout le spectre des biotechnologies \u00e0 travers le prisme de Expression Biotech\u2026<\/em><\/span><\/h3>\n<\/blockquote>\n<\/div>\n","protected":false},"excerpt":{"rendered":"<p>&nbsp; BIOTECH. NOIRES &nbsp; Les Biotechs \u00ab\u00a0noires\u00a0\u00bb, ou\u00a0Black biotech, concernent le volet bioterrorisme et bios\u00e9curit\u00e9 ainsi que tout les\u00a0aspects de tra\u00e7abilit\u00e9 et de risques biologiques. Elles concernent notamment de nombreuses technologies utilis\u00e9es par la police scientifique en mati\u00e8re de bios\u00e9curit\u00e9. &nbsp; &nbsp; &nbsp; &nbsp; Retrouvez toutes les\u00a0Biotech. s\u00e9curit\u00e9\u00a0sur Expression Biotech \u2026 Tout le spectre des [&hellip;]<\/p>\n","protected":false},"author":1,"featured_media":0,"parent":391,"menu_order":5,"comment_status":"closed","ping_status":"open","template":"","meta":[],"_links":{"self":[{"href":"https:\/\/animation-debat-conference.fr\/index.php?rest_route=\/wp\/v2\/pages\/665"}],"collection":[{"href":"https:\/\/animation-debat-conference.fr\/index.php?rest_route=\/wp\/v2\/pages"}],"about":[{"href":"https:\/\/animation-debat-conference.fr\/index.php?rest_route=\/wp\/v2\/types\/page"}],"author":[{"embeddable":true,"href":"https:\/\/animation-debat-conference.fr\/index.php?rest_route=\/wp\/v2\/users\/1"}],"replies":[{"embeddable":true,"href":"https:\/\/animation-debat-conference.fr\/index.php?rest_route=%2Fwp%2Fv2%2Fcomments&post=665"}],"version-history":[{"count":7,"href":"https:\/\/animation-debat-conference.fr\/index.php?rest_route=\/wp\/v2\/pages\/665\/revisions"}],"predecessor-version":[{"id":803,"href":"https:\/\/animation-debat-conference.fr\/index.php?rest_route=\/wp\/v2\/pages\/665\/revisions\/803"}],"up":[{"embeddable":true,"href":"https:\/\/animation-debat-conference.fr\/index.php?rest_route=\/wp\/v2\/pages\/391"}],"wp:attachment":[{"href":"https:\/\/animation-debat-conference.fr\/index.php?rest_route=%2Fwp%2Fv2%2Fmedia&parent=665"}],"curies":[{"name":"wp","href":"https:\/\/api.w.org\/{rel}","templated":true}]}}