{"id":702,"date":"2014-06-09T17:41:09","date_gmt":"2014-06-09T15:41:09","guid":{"rendered":"http:\/\/www.animation-debat-conference.fr\/?page_id=702"},"modified":"2014-06-10T00:10:56","modified_gmt":"2014-06-09T22:10:56","slug":"tarifs","status":"publish","type":"page","link":"https:\/\/animation-debat-conference.fr\/?page_id=702","title":{"rendered":"Tarifs"},"content":{"rendered":"<div id=\"attachment_703\" style=\"width: 491px\" class=\"wp-caption aligncenter\"><img aria-describedby=\"caption-attachment-703\" decoding=\"async\" loading=\"lazy\" class=\"wp-image-703 \" src=\"http:\/\/www.animation-debat-conference.fr\/wp-content\/uploads\/2014\/06\/DEVIS-...bon-rapide-pas-cher.jpg\" alt=\"DEVIS &quot;humoristique&quot; : bon, rapide et pas cher\" width=\"481\" height=\"496\" \/><p id=\"caption-attachment-703\" class=\"wp-caption-text\">DEVIS &#8230;bon rapide &amp; pas cher<\/p><\/div>\n<p>&nbsp;<\/p>\n<h3 style=\"text-align: center;\"><strong>Puisque nous travaillons \u00ab\u00a0\u00e0 la carte\u00a0\u00bb nous n&rsquo;avons pas de \u00ab\u00a0grille de tarifs\u00a0\u00bb!<\/strong><\/h3>\n<h3 style=\"text-align: center;\"><strong>En revanche n&rsquo;h\u00e9sitez pas \u00e0 nous contacter : nous saurons vous proposer une offre \u00ab\u00a0sur mesure\u00a0\u00bb, adapt\u00e9e \u00e0 votre projet, vos besoins, votre urgence &#8230;et votre budget !<\/strong><\/h3>\n<ul>\n<li>Animation<\/li>\n<li>R\u00e9daction<\/li>\n<li>Vid\u00e9o<\/li>\n<li>Animation + R\u00e9daction<\/li>\n<li>Animation + Vid\u00e9o<\/li>\n<li>R\u00e9daction + Vid\u00e9o<\/li>\n<li>Animation + R\u00e9daction + Vid\u00e9o<\/li>\n<\/ul>\n<h3>&#8230; Toutes les combinaisons et options sont possibles pour satisfaire vos envies !<\/h3>\n<h1 style=\"text-align: center;\"><a href=\"http:\/\/www.animation-debat-conference.fr\/contact-2\/\"><em>\u00a0<\/em><\/a><\/h1>\n<h1 style=\"text-align: center;\"><a href=\"http:\/\/www.animation-debat-conference.fr\/contact-2\/\"><em>Nous contacter !<\/em><\/a><\/h1>\n","protected":false},"excerpt":{"rendered":"<p>&nbsp; Puisque nous travaillons \u00ab\u00a0\u00e0 la carte\u00a0\u00bb nous n&rsquo;avons pas de \u00ab\u00a0grille de tarifs\u00a0\u00bb! En revanche n&rsquo;h\u00e9sitez pas \u00e0 nous contacter : nous saurons vous proposer une offre \u00ab\u00a0sur mesure\u00a0\u00bb, adapt\u00e9e \u00e0 votre projet, vos besoins, votre urgence &#8230;et votre budget ! Animation R\u00e9daction Vid\u00e9o Animation + R\u00e9daction Animation + Vid\u00e9o R\u00e9daction + Vid\u00e9o Animation [&hellip;]<\/p>\n","protected":false},"author":1,"featured_media":0,"parent":620,"menu_order":0,"comment_status":"closed","ping_status":"open","template":"","meta":[],"_links":{"self":[{"href":"https:\/\/animation-debat-conference.fr\/index.php?rest_route=\/wp\/v2\/pages\/702"}],"collection":[{"href":"https:\/\/animation-debat-conference.fr\/index.php?rest_route=\/wp\/v2\/pages"}],"about":[{"href":"https:\/\/animation-debat-conference.fr\/index.php?rest_route=\/wp\/v2\/types\/page"}],"author":[{"embeddable":true,"href":"https:\/\/animation-debat-conference.fr\/index.php?rest_route=\/wp\/v2\/users\/1"}],"replies":[{"embeddable":true,"href":"https:\/\/animation-debat-conference.fr\/index.php?rest_route=%2Fwp%2Fv2%2Fcomments&post=702"}],"version-history":[{"count":6,"href":"https:\/\/animation-debat-conference.fr\/index.php?rest_route=\/wp\/v2\/pages\/702\/revisions"}],"predecessor-version":[{"id":761,"href":"https:\/\/animation-debat-conference.fr\/index.php?rest_route=\/wp\/v2\/pages\/702\/revisions\/761"}],"up":[{"embeddable":true,"href":"https:\/\/animation-debat-conference.fr\/index.php?rest_route=\/wp\/v2\/pages\/620"}],"wp:attachment":[{"href":"https:\/\/animation-debat-conference.fr\/index.php?rest_route=%2Fwp%2Fv2%2Fmedia&parent=702"}],"curies":[{"name":"wp","href":"https:\/\/api.w.org\/{rel}","templated":true}]}}