{"id":714,"date":"2014-06-09T18:14:19","date_gmt":"2014-06-09T16:14:19","guid":{"rendered":"http:\/\/www.animation-debat-conference.fr\/?page_id=714"},"modified":"2014-06-09T18:14:34","modified_gmt":"2014-06-09T16:14:34","slug":"anticiper-proposer-preparer","status":"publish","type":"page","link":"https:\/\/animation-debat-conference.fr\/?page_id=714","title":{"rendered":"Anticiper \/ Proposer \/ Pr\u00e9parer"},"content":{"rendered":"<p>Car l&rsquo;animation ne s&rsquo;improvise pas, Expression Sciences a \u00e0 coeur de s&rsquo;impliquer \u00e0 vos c\u00f4t\u00e9s dans la r\u00e9ussite de vos \u00e9v\u00e8nements<\/p>\n","protected":false},"excerpt":{"rendered":"<p>Car l&rsquo;animation ne s&rsquo;improvise pas, Expression Sciences a \u00e0 coeur de s&rsquo;impliquer \u00e0 vos c\u00f4t\u00e9s dans la r\u00e9ussite de vos \u00e9v\u00e8nements<\/p>\n","protected":false},"author":1,"featured_media":0,"parent":0,"menu_order":0,"comment_status":"closed","ping_status":"open","template":"","meta":[],"_links":{"self":[{"href":"https:\/\/animation-debat-conference.fr\/index.php?rest_route=\/wp\/v2\/pages\/714"}],"collection":[{"href":"https:\/\/animation-debat-conference.fr\/index.php?rest_route=\/wp\/v2\/pages"}],"about":[{"href":"https:\/\/animation-debat-conference.fr\/index.php?rest_route=\/wp\/v2\/types\/page"}],"author":[{"embeddable":true,"href":"https:\/\/animation-debat-conference.fr\/index.php?rest_route=\/wp\/v2\/users\/1"}],"replies":[{"embeddable":true,"href":"https:\/\/animation-debat-conference.fr\/index.php?rest_route=%2Fwp%2Fv2%2Fcomments&post=714"}],"version-history":[{"count":1,"href":"https:\/\/animation-debat-conference.fr\/index.php?rest_route=\/wp\/v2\/pages\/714\/revisions"}],"predecessor-version":[{"id":715,"href":"https:\/\/animation-debat-conference.fr\/index.php?rest_route=\/wp\/v2\/pages\/714\/revisions\/715"}],"wp:attachment":[{"href":"https:\/\/animation-debat-conference.fr\/index.php?rest_route=%2Fwp%2Fv2%2Fmedia&parent=714"}],"curies":[{"name":"wp","href":"https:\/\/api.w.org\/{rel}","templated":true}]}}