{"id":733,"date":"2014-06-09T19:59:37","date_gmt":"2014-06-09T17:59:37","guid":{"rendered":"http:\/\/www.animation-debat-conference.fr\/?page_id=733"},"modified":"2015-08-05T13:48:12","modified_gmt":"2015-08-05T11:48:12","slug":"technoscope","status":"publish","type":"page","link":"https:\/\/animation-debat-conference.fr\/?page_id=733","title":{"rendered":"Technoscope"},"content":{"rendered":"<p>&nbsp;<\/p>\n<div class=\"menu_left\"><\/div>\n<div class=\"right_content_article\">\n<div class=\"article\">\n<h2 class=\"header_rubrique\">La vulgarisation scientifique\u00a0est au c\u0153ur du m\u00e9tier des journalistes de Technoscope<\/h2>\n<p class=\"Txt_mauve_Bd\">De formation universitaire ou scientifique, l&rsquo;\u00e9quipe de journalistes \u00e9crit dans de nombreux domaines, des sciences fondamentales \u00e0 la recherche appliqu\u00e9e ou \u00e0 l&rsquo;industrie pour des titres g\u00e9n\u00e9ralistes, scientifiques ou pour de nombreux clients institutionnels, toujours avec le m\u00eame objectif, la qualit\u00e9 de la vulgarisation et de l&rsquo;information, dans un souci de synth\u00e8se.<\/p>\n<p>Ils c\u00f4toient au gr\u00e9 de leurs interviews autant les acteurs du monde de la recherche que des collectivit\u00e9s, des industriels, des entreprises innovantes.<\/p>\n<\/div>\n<\/div>\n<p>&nbsp;<\/p>\n<p><span class=\"font_highlandgothicflfregular\"><a href=\"http:\/\/www.technoscope.fr\/index.php\">Technoscope<\/a><\/span> est filiale de\u00a0<a class=\"font_highlandgothicflfregular\" href=\"http:\/\/www.technoscope.fr\/index.php?style=technosquare\">Technosquare<\/a><\/p>\n<p>&nbsp;<\/p>\n<p style=\"text-align: left;\"><strong>Nathaly fait partie de <a href=\"http:\/\/www.technoscope.fr\/index.php?style=laredaction\">l&rsquo;\u00e9quipe de r\u00e9daction de l&rsquo;agence de presse Technoscope<\/a><\/strong><\/p>\n","protected":false},"excerpt":{"rendered":"<p>&nbsp; La vulgarisation scientifique\u00a0est au c\u0153ur du m\u00e9tier des journalistes de Technoscope De formation universitaire ou scientifique, l&rsquo;\u00e9quipe de journalistes \u00e9crit dans de nombreux domaines, des sciences fondamentales \u00e0 la recherche appliqu\u00e9e ou \u00e0 l&rsquo;industrie pour des titres g\u00e9n\u00e9ralistes, scientifiques ou pour de nombreux clients institutionnels, toujours avec le m\u00eame objectif, la qualit\u00e9 de la [&hellip;]<\/p>\n","protected":false},"author":1,"featured_media":0,"parent":0,"menu_order":0,"comment_status":"closed","ping_status":"open","template":"","meta":[],"_links":{"self":[{"href":"https:\/\/animation-debat-conference.fr\/index.php?rest_route=\/wp\/v2\/pages\/733"}],"collection":[{"href":"https:\/\/animation-debat-conference.fr\/index.php?rest_route=\/wp\/v2\/pages"}],"about":[{"href":"https:\/\/animation-debat-conference.fr\/index.php?rest_route=\/wp\/v2\/types\/page"}],"author":[{"embeddable":true,"href":"https:\/\/animation-debat-conference.fr\/index.php?rest_route=\/wp\/v2\/users\/1"}],"replies":[{"embeddable":true,"href":"https:\/\/animation-debat-conference.fr\/index.php?rest_route=%2Fwp%2Fv2%2Fcomments&post=733"}],"version-history":[{"count":7,"href":"https:\/\/animation-debat-conference.fr\/index.php?rest_route=\/wp\/v2\/pages\/733\/revisions"}],"predecessor-version":[{"id":1077,"href":"https:\/\/animation-debat-conference.fr\/index.php?rest_route=\/wp\/v2\/pages\/733\/revisions\/1077"}],"wp:attachment":[{"href":"https:\/\/animation-debat-conference.fr\/index.php?rest_route=%2Fwp%2Fv2%2Fmedia&parent=733"}],"curies":[{"name":"wp","href":"https:\/\/api.w.org\/{rel}","templated":true}]}}