{"id":81,"date":"2012-11-16T03:33:20","date_gmt":"2012-11-16T02:33:20","guid":{"rendered":"http:\/\/animation-debat-conference.fr\/?page_id=81"},"modified":"2014-02-12T18:53:34","modified_gmt":"2014-02-12T17:53:34","slug":"ma-formation","status":"publish","type":"page","link":"https:\/\/animation-debat-conference.fr\/?page_id=81","title":{"rendered":"Cursus"},"content":{"rendered":"<div>\n<table cellspacing=\"0\" cellpadding=\"0\" align=\"center\">\n<tbody>\n<tr>\n<td align=\"left\" valign=\"top\"><strong>1991\u20131999<\/strong><\/p>\n<div>\n<table style=\"width: 701px;\" cellspacing=\"0\" cellpadding=\"0\" align=\"center\">\n<tbody>\n<tr>\n<td align=\"left\" valign=\"top\"><strong><em>A l\u2019Universit\u00e9 de Lyon \/ Universit\u00e9 Claude Bernard, Lyon 1\u00a0<\/em><\/strong><\/p>\n<ul>\n<li><strong>Doctorat en Neurosciences<\/strong><strong> (PhD)<\/strong><\/li>\n<\/ul>\n<p>Mention tr\u00e8s honorable avec les f\u00e9licitations du jury (Jury pr\u00e9sid\u00e9 par le Pr Fran\u00e7ois Jourdan)<\/p>\n<p>Laboratoire INSERM de <em>Neurobiologie des \u00e9tats de\u00a0 sommeils et d&rsquo;\u00e9veil (ancien laboratoire INSERM\/CNRS \u00ab\u00a0Onirologie mol\u00e9culaire\u00a0\u00bb<\/em>, dirig\u00e9 par le Professeur Michel Jouvet, d\u00e9partement de M\u00e9decine Exp\u00e9rimentale, facult\u00e9 de m\u00e9decine Rockefeller<\/td>\n<\/tr>\n<\/tbody>\n<\/table>\n<\/div>\n<p>T<em>echniques utilis\u00e9es\u00a0: immunocytochimie, hybridation in situ, \u00e9lectrophysiologie, microphotographie, etc.<\/em><\/p>\n<p>Lien publications \u00a0:<\/p>\n<div id=\"rg-modules-publicliterature-actions-PublicationAuthors_222257971\">\n<div>\n<ul>\n<li><a title=\"Nathalie Mermet\" href=\"http:\/\/www.researchgate.net\/researcher\/31707234_Nathalie_Mermet\/\">N Mermet<\/a>, <a title=\"Jaime Angulo\" href=\"http:\/\/www.researchgate.net\/researcher\/39305008_Jaime_Angulo\/\">J Angulo<\/a>, <a title=\"Jacques Rep\u00e9rant\" href=\"http:\/\/www.researchgate.net\/researcher\/39444259_Jacques_Reperant\/\">J Rep\u00e9rant<\/a>, <a title=\"Monique Medina\" href=\"http:\/\/www.researchgate.net\/researcher\/5171394_Monique_Medina\/\">M Medina<\/a>, <a title=\"Silvia Araneda\" href=\"http:\/\/www.researchgate.net\/researcher\/38336927_Silvia_Araneda\/\">S Araneda<br \/>\n<\/a><a href=\"http:\/\/www.researchgate.net\/publication\/222257971_Expression_of_Kin_a_nuclear_protein_binding_to_curved_DNA_in_mammal_and_avian_brains\" target=\"_blank\">Expression of Kin, a nuclear protein binding to curved DNA, in mammal and avian brains<br \/>\n<\/a>D\u00e9partement de M\u00e9decine Exp\u00e9rimentale, Facult\u00e9 de M\u00e9decine, Universit\u00e9 Claude Bernard, INSERM U52, CNRS ERS 5645, 8 Av. Rockefeller, 69373 Lyon, France; Laboratoire de G\u00e9n\u00e9tique de la Radiosensibilit\u00e9, D\u00e9partement de Radiobiologie et de Radiopathologie, Direction des Sciences du Vivant, Commissariat \u00e0 l&rsquo;Energie Atomique CEA-FAR, Fontenay-aux-Roses, France; Laboratoire d&rsquo;Anatomie Compar\u00e9e, Mus\u00e9um National d&rsquo;Histoire Naturelle, Paris, France; <a href=\"http:\/\/www.researchgate.net\/publication\/222257971_Expression_of_Kin_a_nuclear_protein_binding_to_curved_DNA_in_mammal_and_avian_brains\" target=\"_blank\">Neuroscience Letters (Impact Factor: 2.03). 02\/1998; DOI:10.1016\/S0304-3940(98)00094-9<\/a><\/li>\n<\/ul>\n<ul>\n<li>\n<div id=\"rg-modules-publicliterature-actions-PublicationAuthors_11651071\">\n<div>\n<p><a title=\"S Araneda\" href=\"http:\/\/www.researchgate.net\/researcher\/38336927_S_Araneda\/\">S Araneda<\/a>, <a title=\"N Mermet\" href=\"http:\/\/www.researchgate.net\/researcher\/31707234_N_Mermet\/\">N Mermet<\/a>, <a title=\"T Verjat\" href=\"http:\/\/www.researchgate.net\/researcher\/39870850_T_Verjat\/\">T Verjat<\/a>, <a title=\"J F Angulo\" href=\"http:\/\/www.researchgate.net\/researcher\/39305008_J_F_Angulo\/\">J F Angulo<\/a>, <a title=\"J P Radicella\" href=\"http:\/\/www.researchgate.net\/researcher\/38603920_J_P_Radicella\/\">J P Radicella<br \/>\n<\/a><a href=\"http:\/\/www.researchgate.net\/publication\/11651071_Expression_of_Kin17_and_8-OxoG_DNA_glycosylase_in_cells_of_rodent_and_quail_central_nervous_system\" target=\"_blank\">Expression of Kin17 and 8-OxoG DNA glycosylase in cells of rodent and quail central nervous system<br \/>\n<\/a>Neurobiologie des \u00e9tats de sommeils et d&rsquo;\u00e9veil, INSERM U480, Universit\u00e9 Claude Bernard, Lyon Cedex, France.<br \/>\n<a href=\"http:\/\/www.researchgate.net\/journal\/0361-9230_Brain_Research_Bulletin\">Brain Research Bulletin<\/a> (Impact Factor: 2.94). 10\/2001; 56(2):139-46. DOI:10.1016\/S0361-9230(01)00620-7<\/p>\n<\/div>\n<\/div>\n<\/li>\n<\/ul>\n<\/div>\n<\/div>\n<ul>\n<li><a href=\"http:\/\/www.researchgate.net\/researcher\/31707234_Nathalie_Mermet\/\">N Mermet<\/a>, <a href=\"http:\/\/www.researchgate.net\/researcher\/39305008_Jaime_Angulo\/\">J Angulo<\/a>, <a href=\"http:\/\/www.researchgate.net\/researcher\/5171394_M_Medina\/\">M M\u00e9dina<\/a>, <a href=\"http:\/\/www.researchgate.net\/researcher\/39444259_Jacques_Reperant\/\">J Rep\u00e9rant<\/a>, <a href=\"http:\/\/www.researchgate.net\/researcher\/40035742_Roger_Ward\/\">R Ward<\/a>, <a href=\"http:\/\/www.researchgate.net\/researcher\/32691226_Sylvia_Araneda\/\">S Araneda<\/a><br \/>\n<a href=\"http:\/\/www.researchgate.net\/publication\/11486366_Expression_of_Kin_a_nuclear_protein_binding_to_curved_DNA_in_the_brain_of_the_frog_%28Rana_esculenta%29_turtle_%28Trachemys_scripta%29_quail_%28Coturnix_coturnix%29_and_mouse_%28Mus_musculus%29?ev=auth_pub\" target=\"_blank\">Expression of Kin, a nuclear protein binding to curved DNA, in the brain of the frog (Rana esculenta), turtle (Trachemys scripta), quail (Coturnix coturnix) and mouse (Mus musculus)<\/a>, INSERM U-480, Neurobiologie des Etats de Sommeil et d&rsquo;Eveil, Lyon, France, <a href=\"http:\/\/www.researchgate.net\/journal\/0340-2061_Anatomy_and_Embryology\">Anatomy and Embryology<\/a> (Impact Factor: 1.42). 02\/2002; 205(1):37-51. DOI:10.1007\/s00429-001-0224-7<\/li>\n<\/ul>\n<div>\n<table style=\"width: 701px;\" cellspacing=\"0\" cellpadding=\"0\" align=\"center\">\n<tbody>\n<tr>\n<td align=\"left\" valign=\"top\">\n<ul>\n<li>A en Sciences de la vie \/ Biologie (Neurosciences)<\/li>\n<li>Ma\u00eetrise de physiologie, mention Neurosciences<\/li>\n<li>Licence de Biologie des Organismes et des Populations (BOP)<\/li>\n<li>Deug B, Sciences de la Vie et de la Terre<\/li>\n<\/ul>\n<p>&nbsp;<\/p>\n<p><strong>2011-2012<\/strong><\/p>\n<div>\n<table cellspacing=\"0\" cellpadding=\"0\" align=\"center\">\n<tbody>\n<tr>\n<td align=\"left\" valign=\"top\"><strong>Auditrice \u00e0 l<em>\u2019Institut des Hautes \u00c9tudes pour la Science et la Technologie<\/em> (IHEST) <\/strong><strong>Promotion Noblecourt<\/strong>\u2013 Cycle national \u00ab\u00a0Sciences, soci\u00e9t\u00e9s et puissance\u00a0\u00bb 36 journ\u00e9es de formation dont 12 sessions th\u00e9matiques et 8 s\u00e9ances d\u2019ateliers<br \/>\nLiens site IHEST\u00a0:<\/p>\n<ul>\n<li><a href=\"http:\/\/www.ihest.fr\/l-institut\/textes-juridiques\/arrete-d-admission-des-auditeurs-654\">Les auditeurs<\/a><\/li>\n<li><a href=\"http:\/\/www.ihest.fr\/activites\/cycle-national-2011-2012\/\">Le programme<\/a><\/li>\n<li><a href=\"http:\/\/www.ihest.fr\/mediatheque\/series\/carnets-de-voyage\/voyage-d-etudes-en-chine\">Carnets de voyage : Chine<\/a><a href=\"http:\/\/www.ihest.fr\/IMG\/pdf\/IHEST_CDV_Chine_2.pdf\"><br \/>\nT\u00e9l\u00e9charger le fichier (pdf)<br \/>\n<\/a><\/li>\n<li><a href=\"http:\/\/www.ihest.fr\/mediatheque\/series\/carnets-de-voyage\/les-ecosystemes-de-la-connaissance-697\">Carnet de voyage : Allemagne<\/a><br \/>\n<a href=\"http:\/\/www.ihest.fr\/IMG\/pdf\/IHEST-CDV-Hambourg-Berlin-3.pdf\">T\u00e9l\u00e9charger le fichier (pdf)<\/a><\/li>\n<\/ul>\n<\/td>\n<\/tr>\n<\/tbody>\n<\/table>\n<\/div>\n<p>&nbsp;<\/td>\n<\/tr>\n<\/tbody>\n<\/table>\n<\/div>\n<\/td>\n<\/tr>\n<\/tbody>\n<\/table>\n<\/div>\n","protected":false},"excerpt":{"rendered":"<p>1991\u20131999 A l\u2019Universit\u00e9 de Lyon \/ Universit\u00e9 Claude Bernard, Lyon 1\u00a0 Doctorat en Neurosciences (PhD) Mention tr\u00e8s honorable avec les f\u00e9licitations du jury (Jury pr\u00e9sid\u00e9 par le Pr Fran\u00e7ois Jourdan) Laboratoire INSERM de Neurobiologie des \u00e9tats de\u00a0 sommeils et d&rsquo;\u00e9veil (ancien laboratoire INSERM\/CNRS \u00ab\u00a0Onirologie mol\u00e9culaire\u00a0\u00bb, dirig\u00e9 par le Professeur Michel Jouvet, d\u00e9partement de M\u00e9decine Exp\u00e9rimentale, [&hellip;]<\/p>\n","protected":false},"author":1,"featured_media":0,"parent":2,"menu_order":0,"comment_status":"open","ping_status":"open","template":"","meta":[],"_links":{"self":[{"href":"https:\/\/animation-debat-conference.fr\/index.php?rest_route=\/wp\/v2\/pages\/81"}],"collection":[{"href":"https:\/\/animation-debat-conference.fr\/index.php?rest_route=\/wp\/v2\/pages"}],"about":[{"href":"https:\/\/animation-debat-conference.fr\/index.php?rest_route=\/wp\/v2\/types\/page"}],"author":[{"embeddable":true,"href":"https:\/\/animation-debat-conference.fr\/index.php?rest_route=\/wp\/v2\/users\/1"}],"replies":[{"embeddable":true,"href":"https:\/\/animation-debat-conference.fr\/index.php?rest_route=%2Fwp%2Fv2%2Fcomments&post=81"}],"version-history":[{"count":15,"href":"https:\/\/animation-debat-conference.fr\/index.php?rest_route=\/wp\/v2\/pages\/81\/revisions"}],"predecessor-version":[{"id":446,"href":"https:\/\/animation-debat-conference.fr\/index.php?rest_route=\/wp\/v2\/pages\/81\/revisions\/446"}],"up":[{"embeddable":true,"href":"https:\/\/animation-debat-conference.fr\/index.php?rest_route=\/wp\/v2\/pages\/2"}],"wp:attachment":[{"href":"https:\/\/animation-debat-conference.fr\/index.php?rest_route=%2Fwp%2Fv2%2Fmedia&parent=81"}],"curies":[{"name":"wp","href":"https:\/\/api.w.org\/{rel}","templated":true}]}}