{"id":941,"date":"2014-11-12T17:32:48","date_gmt":"2014-11-12T16:32:48","guid":{"rendered":"http:\/\/www.animation-debat-conference.fr\/?page_id=941"},"modified":"2014-11-12T17:58:33","modified_gmt":"2014-11-12T16:58:33","slug":"enviscope","status":"publish","type":"page","link":"https:\/\/animation-debat-conference.fr\/?page_id=941","title":{"rendered":"Enviscope"},"content":{"rendered":"<p>&nbsp;<\/p>\n<p style=\"text-align: center;\"><strong>La <a title=\"La lettre quotidenne d\u00e9di\u00e9e \u00e0 l'environnement\" href=\"www.enviscope.com\">lettre d&rsquo;Enviscope.com<\/a> &#8230;un m\u00e9dia pour un Futur Durable<\/strong><\/p>\n","protected":false},"excerpt":{"rendered":"<p>&nbsp; La lettre d&rsquo;Enviscope.com &#8230;un m\u00e9dia pour un Futur Durable<\/p>\n","protected":false},"author":1,"featured_media":0,"parent":0,"menu_order":0,"comment_status":"closed","ping_status":"open","template":"","meta":[],"_links":{"self":[{"href":"https:\/\/animation-debat-conference.fr\/index.php?rest_route=\/wp\/v2\/pages\/941"}],"collection":[{"href":"https:\/\/animation-debat-conference.fr\/index.php?rest_route=\/wp\/v2\/pages"}],"about":[{"href":"https:\/\/animation-debat-conference.fr\/index.php?rest_route=\/wp\/v2\/types\/page"}],"author":[{"embeddable":true,"href":"https:\/\/animation-debat-conference.fr\/index.php?rest_route=\/wp\/v2\/users\/1"}],"replies":[{"embeddable":true,"href":"https:\/\/animation-debat-conference.fr\/index.php?rest_route=%2Fwp%2Fv2%2Fcomments&post=941"}],"version-history":[{"count":3,"href":"https:\/\/animation-debat-conference.fr\/index.php?rest_route=\/wp\/v2\/pages\/941\/revisions"}],"predecessor-version":[{"id":945,"href":"https:\/\/animation-debat-conference.fr\/index.php?rest_route=\/wp\/v2\/pages\/941\/revisions\/945"}],"wp:attachment":[{"href":"https:\/\/animation-debat-conference.fr\/index.php?rest_route=%2Fwp%2Fv2%2Fmedia&parent=941"}],"curies":[{"name":"wp","href":"https:\/\/api.w.org\/{rel}","templated":true}]}}